{"id":12257,"date":"2024-10-07T07:21:55","date_gmt":"2024-10-07T04:21:55","guid":{"rendered":"https:\/\/www.apmuhendislik.com.tr\/our-projects\/"},"modified":"2024-10-09T03:26:32","modified_gmt":"2024-10-09T00:26:32","slug":"our-projects","status":"publish","type":"page","link":"https:\/\/www.apmuhendislik.com.tr\/en\/our-projects\/","title":{"rendered":"Our Projects"},"content":{"rendered":"\t\t<div data-elementor-type=\"wp-page\" data-elementor-id=\"12257\" class=\"elementor elementor-12257 elementor-11651\">\n\t\t\t\t<div class=\"elementor-element elementor-element-81980be e-flex e-con-boxed e-con e-parent\" data-id=\"81980be\" data-element_type=\"container\">\n\t\t\t\t\t<div class=\"e-con-inner\">\n\t\t\t\t<div class=\"elementor-element elementor-element-c9d60f1 elementor-widget elementor-widget-react-heading\" data-id=\"c9d60f1\" data-element_type=\"widget\" data-widget_type=\"react-heading.default\">\n\t\t\t\t<div class=\"elementor-widget-container\">\n\t\t\t\t  \r\n        <div class=\"react-heading default  title-border-no\">\r\n        \t<div class=\"title-inner no\">        \t\t      \t\t\r\n\t           \r\n\t\t\t\t<span class=\"sub-text\" data-aos-delay=\"200\" data-aos=\"fade-up\" data-aos-duration=\"800\" data-aos-once=\"true\">AP Engineering - Projects<\/span><h2 class=\"title\" data-aos-delay=\"300\" data-aos=\"fade-up\" data-aos-duration=\"800\" data-aos-once=\"true\">Our Projects<\/h2>\t        <\/div>\r\n\t\t\t\t        \r\n\t            \r\n        <\/div>\r\n        \t\t<\/div>\n\t\t\t\t<\/div>\n\t\t\t\t<div class=\"elementor-element elementor-element-01be652 elementor-widget elementor-widget-text-editor\" data-id=\"01be652\" data-element_type=\"widget\" data-widget_type=\"text-editor.default\">\n\t\t\t\t<div class=\"elementor-widget-container\">\n\t\t\t\t\t\t\t<p>Our reference projects, which best reflect our achievements, demonstrate our company&#8217;s expertise and commitment to customer satisfaction. The projects we have realized in different sectors have been realized by prioritizing quality and safety standards with our innovative engineering solutions.<\/p><p>The projects we develop specifically for the needs of our customers range from industrial plants to commercial buildings. Our reference works below demonstrate our experience in the sector and the value we add to our projects. Each project is an example of our company&#8217;s technical knowledge and skills and reflects our understanding of quality and professional approach.<\/p><p><strong>Some of our reference works are as follows:<\/strong><\/p><h3 class=\"wp-block-heading has-text-align-center\">Name of the Work Location of the Work<\/h3><figure class=\"wp-block-table\"><table class=\"has-fixed-layout\"><tbody><tr><td>Hot Rolling Mill 2nd Slab Furnace Reline Maintenance<\/td><td>Payas-\u0130sdemir<\/td><\/tr><tr><td>Medcem Cement Factory Waste Heat to Energy Plant Installation<\/td><td>Ta\u015fucu-Medcem<\/td><\/tr><tr><td>Kangal Had. 2024 Maintenance of Conveyors, Fastening Systems and Pipelines<\/td><td>Payas-\u0130sdemir<\/td><\/tr><tr><td>Ferro Alloy Plant Dust Collection Systems Installation<\/td><td>Payas-\u0130sdemir<\/td><\/tr><tr><td>Hot Rolling Mill General Maintenance 2021-2024<\/td><td>Payas-\u0130sdemir<\/td><\/tr><tr><td>7. Lime Kiln Reline Maintenance<\/td><td>Payas-\u0130sdemir<\/td><\/tr><tr><td>3. Lime Factory Reline Maintenance<\/td><td>Ere\u011fli-Erdemir<\/td><\/tr><tr><td>Eski\u015fehir \u00c7imsa Cement Plant Waste Heat to Energy Plant Installation<\/td><td>Eski\u015fehir-\u00c7imsa<\/td><\/tr><tr><td>\u0130sdemir General Steel Construction Manufacturing and Erection Works (4200 tons)<\/td><td>Payas-\u0130sdemir<\/td><\/tr><tr><td>Hekimhan Mining Waste Heat to Energy Plant Installation<\/td><td>Hekimhan<\/td><\/tr><tr><td>Slab Stockyard Rail and Under Rail Structures Maintenance<\/td><td>Payas-\u0130sdemir<\/td><\/tr><tr><td>2. Galvanizing Line Inspection Station Revision and Addition Works<\/td><td>Ere\u011fli-Erdemir<\/td><\/tr><tr><td>Relocation of Blast Furnaces Pipelines<\/td><td>Payas-\u0130sdemir<\/td><\/tr><tr><td>Tosyal\u0131 &amp; Toyo Shear Plant Installation<\/td><td>Osmaniye<\/td><\/tr><tr><td>Sinter Machine General Maintenance<\/td><td>Payas-\u0130sdemir<\/td><\/tr><tr><td>S\u00f6nmez Cement Waste Heat to Energy Plant Installation<\/td><td>Ceyhan-S\u00f6nmez \u00c7im.<\/td><\/tr><tr><td>Raw Material Discharge Systems Modernization<\/td><td>Payas-\u0130sdemir<\/td><\/tr><tr><td>Port Fuel Tanks Cleaning, Dismantling and Construction Works<\/td><td>Payas-\u0130sdemir<\/td><\/tr><tr><td>Tosyal\u0131 &amp; Toyo New BAF Plant Installation<\/td><td>Osmaniye<\/td><\/tr><tr><td>Hot Rolled FM Exit Zone Central Thickness Measurement System Installation<\/td><td>Payas-\u0130sdemir<\/td><\/tr><tr><td>Renovation of Coke Dry Extinguishing Plant Extinguishing Chambers<\/td><td>Payas-\u0130sdemir<\/td><\/tr><tr><td>4.Blast Furnace Chamber Repair Assembly Dismantling Works<\/td><td>Payas-\u0130sdemir<\/td><\/tr><tr><td>PCI General Maintenance<\/td><td>Payas-\u0130sdemir<\/td><\/tr><tr><td>RKK3 Stockyard Gantry Cranes Rail and Rail Structure Renovation<\/td><td>Payas-\u0130sdemir<\/td><\/tr><tr><td>Kangal Had. 2021 Furnace Front Maintenance<\/td><td>Payas-\u0130sdemir<\/td><\/tr><tr><td>Seawater Pumping Station Cabin Skids Renovation<\/td><td>Payas-Erdemir M\u00fch.<\/td><\/tr><tr><td>Kangal Had.2021 Conveyor and Binding Systems Maintenance<\/td><td>Payas-\u0130sdemir<\/td><\/tr><tr><td>Hot Had. Directorate Renewal of Fluid Lines<\/td><td>Payas-\u0130sdemir<\/td><\/tr><tr><td>Sinter Plant Disharge and ESP Pipelines Renewal<\/td><td>Payas-\u0130sdemir<\/td><\/tr><\/tbody><\/table><\/figure>\t\t\t\t\t\t<\/div>\n\t\t\t\t<\/div>\n\t\t\t\t\t<\/div>\n\t\t\t\t<\/div>\n\t\t<div class=\"elementor-element elementor-element-29ca816 e-flex e-con-boxed e-con e-parent\" data-id=\"29ca816\" data-element_type=\"container\">\n\t\t\t\t\t<div class=\"e-con-inner\">\n\t\t\t\t<div class=\"elementor-element elementor-element-a0353dd elementor-widget elementor-widget-react-heading\" data-id=\"a0353dd\" data-element_type=\"widget\" data-widget_type=\"react-heading.default\">\n\t\t\t\t<div class=\"elementor-widget-container\">\n\t\t\t\t  \r\n        <div class=\"react-heading default  title-border-no\">\r\n        \t<div class=\"title-inner no\">        \t\t      \t\t\r\n\t           \r\n\t\t\t\t<span class=\"sub-text\" data-aos-delay=\"200\" data-aos=\"fade-up\" data-aos-duration=\"800\" data-aos-once=\"true\">Contact<\/span><h2 class=\"title\" data-aos-delay=\"300\" data-aos=\"fade-up\" data-aos-duration=\"800\" data-aos-once=\"true\">Contact Information<\/h2>\t        <\/div>\r\n\t\t\t\t        \r\n\t            \r\n        <\/div>\r\n        \t\t<\/div>\n\t\t\t\t<\/div>\n\t\t\t\t<div class=\"elementor-element elementor-element-e74f1e0 elementor-widget elementor-widget-text-editor\" data-id=\"e74f1e0\" data-element_type=\"widget\" data-widget_type=\"text-editor.default\">\n\t\t\t\t<div class=\"elementor-widget-container\">\n\t\t\t\t\t\t\t<p>You can use the contact information below to contact us, get information about your projects or ask questions about our services. With the importance we attach to customer satisfaction, we are always happy to be with you.<\/p><p><strong>Adres<\/strong>: Nam\u0131k Kemal Mah. 71.Sk. Saadet Y\u00fccel Apt. No:11 Ceyhan\/Adana <br \/><strong>Phone<\/strong>: +90 539 615 71 40<br \/><strong>E-mail Address<\/strong>: info@apmuhendislik.com.tr<\/p><p><strong>Web<\/strong>: www.apmuhendislik.com.tr<\/p><p>Social Media: <a href=\"https:\/\/www.linkedin.com\/company\/ap-yatirim-ve-muhendislik\/\" target=\"_blank\" rel=\"noopener\">AP Yat\u0131r\u0131m ve M\u00fchendislik\/linkedln<\/a><\/p><p>Feel free to contact us for more information about our work, projects or general information. We look forward to working with you!<\/p>\t\t\t\t\t\t<\/div>\n\t\t\t\t<\/div>\n\t\t\t\t\t<\/div>\n\t\t\t\t<\/div>\n\t\t<div class=\"elementor-element elementor-element-604b2b9 e-flex e-con-boxed e-con e-parent\" data-id=\"604b2b9\" data-element_type=\"container\">\n\t\t\t\t\t<div class=\"e-con-inner\">\n\t\t<div class=\"elementor-element elementor-element-78a0f3f e-con-full e-flex e-con e-child\" data-id=\"78a0f3f\" data-element_type=\"container\">\n\t\t\t\t<div class=\"elementor-element elementor-element-a18da77 elementor-widget elementor-widget-rt-logo\" data-id=\"a18da77\" data-element_type=\"widget\" data-widget_type=\"rt-logo.default\">\n\t\t\t\t<div class=\"elementor-widget-container\">\n\t\t\t\n        \n            <div class=\"rt_slider-29838 swiper rtelements-unique-slider cta_bottom_border\">\n                <div id=\"rtelements-slick-slider-29838\" class=\"rt-addon-slider swiper-wrapper\">                   \n                        \n                                                        <div class=\"grid-item  swiper-slide\">\n                                    <div  class=\"rt-grid-figure\">\n                                        <div class=\"logo-img logo-gray\">\n                                            <a href=\"\" class=\"front\"><img decoding=\"async\" class=\"rs-grid-img \"  src=\"https:\/\/www.apmuhendislik.com.tr\/wp-content\/uploads\/2024\/09\/sonmez-cimento-ref-21.png\" title=\"\" alt=\"\"><\/a>\n                                            \n                                        <\/div>\n                                                                                                                    <\/div>\n                                <\/div>           \n                                                            <div class=\"grid-item  swiper-slide\">\n                                    <div  class=\"rt-grid-figure\">\n                                        <div class=\"logo-img logo-gray\">\n                                            <a href=\"\" class=\"front\"><img decoding=\"async\" class=\"rs-grid-img \"  src=\"https:\/\/www.apmuhendislik.com.tr\/wp-content\/uploads\/2024\/09\/isdemir-ref-21-1.png\" title=\"\" alt=\"\"><\/a>\n                                            \n                                        <\/div>\n                                                                                                                    <\/div>\n                                <\/div>           \n                                                            <div class=\"grid-item  swiper-slide\">\n                                    <div  class=\"rt-grid-figure\">\n                                        <div class=\"logo-img logo-gray\">\n                                            <a href=\"\" class=\"front\"><img decoding=\"async\" class=\"rs-grid-img \"  src=\"https:\/\/www.apmuhendislik.com.tr\/wp-content\/uploads\/2024\/09\/dioki-ref-21.png\" title=\"\" alt=\"\"><\/a>\n                                            \n                                        <\/div>\n                                                                                                                    <\/div>\n                                <\/div>           \n                                                            <div class=\"grid-item  swiper-slide\">\n                                    <div  class=\"rt-grid-figure\">\n                                        <div class=\"logo-img logo-gray\">\n                                            <a href=\"\" class=\"front\"><img decoding=\"async\" class=\"rs-grid-img \"  src=\"https:\/\/www.apmuhendislik.com.tr\/wp-content\/uploads\/2024\/09\/botas-ref-21.png\" title=\"\" alt=\"\"><\/a>\n                                            \n                                        <\/div>\n                                                                                                                    <\/div>\n                                <\/div>           \n                                                            <div class=\"grid-item  swiper-slide\">\n                                    <div  class=\"rt-grid-figure\">\n                                        <div class=\"logo-img logo-gray\">\n                                            <a href=\"\" class=\"front\"><img decoding=\"async\" class=\"rs-grid-img \"  src=\"https:\/\/www.apmuhendislik.com.tr\/wp-content\/uploads\/2024\/09\/enerjisa-ref-logo-211.png\" title=\"\" alt=\"\"><\/a>\n                                            \n                                        <\/div>\n                                                                                                                    <\/div>\n                                <\/div>           \n                                                            <div class=\"grid-item  swiper-slide\">\n                                    <div  class=\"rt-grid-figure\">\n                                        <div class=\"logo-img logo-gray\">\n                                            <a href=\"\" class=\"front\"><img decoding=\"async\" class=\"rs-grid-img \"  src=\"https:\/\/www.apmuhendislik.com.tr\/wp-content\/uploads\/2024\/09\/olmuksan-ref-logo-21222.png\" title=\"\" alt=\"\"><\/a>\n                                            \n                                        <\/div>\n                                                                                                                    <\/div>\n                                <\/div>           \n                                                            <div class=\"grid-item  swiper-slide\">\n                                    <div  class=\"rt-grid-figure\">\n                                        <div class=\"logo-img logo-gray\">\n                                            <a href=\"\" class=\"front\"><img decoding=\"async\" class=\"rs-grid-img \"  src=\"https:\/\/www.apmuhendislik.com.tr\/wp-content\/uploads\/2024\/10\/cimsa-21.png\" title=\"\" alt=\"\"><\/a>\n                                            \n                                        <\/div>\n                                                                                                                    <\/div>\n                                <\/div>           \n                                                            <div class=\"grid-item  swiper-slide\">\n                                    <div  class=\"rt-grid-figure\">\n                                        <div class=\"logo-img logo-gray\">\n                                            <a href=\"\" class=\"front\"><img decoding=\"async\" class=\"rs-grid-img \"  src=\"https:\/\/www.apmuhendislik.com.tr\/wp-content\/uploads\/2024\/10\/cin-group-21.png\" title=\"\" alt=\"\"><\/a>\n                                            \n                                        <\/div>\n                                                                                                                    <\/div>\n                                <\/div>           \n                                                            <div class=\"grid-item  swiper-slide\">\n                                    <div  class=\"rt-grid-figure\">\n                                        <div class=\"logo-img logo-gray\">\n                                            <a href=\"\" class=\"front\"><img decoding=\"async\" class=\"rs-grid-img \"  src=\"https:\/\/www.apmuhendislik.com.tr\/wp-content\/uploads\/2024\/10\/medcem-21.png\" title=\"\" alt=\"\"><\/a>\n                                            \n                                        <\/div>\n                                                                                                                    <\/div>\n                                <\/div>           \n                                                            <div class=\"grid-item  swiper-slide\">\n                                    <div  class=\"rt-grid-figure\">\n                                        <div class=\"logo-img logo-gray\">\n                                            <a href=\"\" class=\"front\"><img decoding=\"async\" class=\"rs-grid-img \"  src=\"https:\/\/www.apmuhendislik.com.tr\/wp-content\/plugins\/elementor\/assets\/images\/placeholder.png\" title=\"\" alt=\"\"><\/a>\n                                            \n                                        <\/div>\n                                                                                                                    <\/div>\n                                <\/div>           \n                                                            <div class=\"grid-item  swiper-slide\">\n                                    <div  class=\"rt-grid-figure\">\n                                        <div class=\"logo-img logo-gray\">\n                                            <a href=\"\" class=\"front\"><img decoding=\"async\" class=\"rs-grid-img \"  src=\"https:\/\/www.apmuhendislik.com.tr\/wp-content\/uploads\/2024\/10\/hekimhan-madencilik-21.png\" title=\"\" alt=\"\"><\/a>\n                                            \n                                        <\/div>\n                                                                                                                    <\/div>\n                                <\/div>           \n                                                            <div class=\"grid-item  swiper-slide\">\n                                    <div  class=\"rt-grid-figure\">\n                                        <div class=\"logo-img logo-gray\">\n                                            <a href=\"\" class=\"front\"><img decoding=\"async\" class=\"rs-grid-img \"  src=\"https:\/\/www.apmuhendislik.com.tr\/wp-content\/uploads\/2024\/10\/tosyali-21.png\" title=\"\" alt=\"\"><\/a>\n                                            \n                                        <\/div>\n                                                                                                                    <\/div>\n                                <\/div>           \n                                            <\/div>\n            <\/div>\n            <script type=\"text\/javascript\">\n            jQuery(document).ready(function(){\n                var swiper = new Swiper(\".rt_slider-29838\", {\t\t\t\t\n                    slidesPerView: 1,\n                                    \n                                        speed: 3000,\n                    loop:  false,\n                    autoplay: { delay: 3000, reverseDirection: false, pauseOnMouseEnter: false, disableOnInteraction: false },\n                    centeredSlides: false,\n\n                    spaceBetween:  30,\n                    pagination: {\n                    el: \".swiper-pagination\",\n                    clickable: true,\n                    },\n                    navigation: {\n                        nextEl: \".rt-slider-next\",\n                        prevEl: \".rt-slider-prev\",\n                    },\n                    breakpoints: {\n                            \n                            575: { slidesPerView: 1 },767: { slidesPerView: 2 },991: { slidesPerView: 4 },1199: { slidesPerView: 6 },                            1399: {\n                                slidesPerView: 6,\n                                spaceBetween:  30                            }\n                        }                    \n                });\n            });\n        <\/script>\n        \t\t<\/div>\n\t\t\t\t<\/div>\n\t\t\t\t<\/div>\n\t\t\t\t\t<\/div>\n\t\t\t\t<\/div>\n\t\t\t\t<\/div>\n\t\t","protected":false},"excerpt":{"rendered":"<p>AP Engineering &#8211; Projects Our Projects Our reference projects, which best reflect our achievements, demonstrate our company&#8217;s expertise and commitment to customer satisfaction. The projects we have realized in different sectors have been realized by prioritizing quality and safety standards with our innovative engineering solutions. The projects we develop specifically for the needs of our&#8230;<\/p>\n","protected":false},"author":1,"featured_media":0,"parent":0,"menu_order":0,"comment_status":"closed","ping_status":"closed","template":"","meta":{"rank_math_lock_modified_date":false,"footnotes":""},"class_list":["post-12257","page","type-page","status-publish","hentry"],"_links":{"self":[{"href":"https:\/\/www.apmuhendislik.com.tr\/en\/wp-json\/wp\/v2\/pages\/12257","targetHints":{"allow":["GET"]}}],"collection":[{"href":"https:\/\/www.apmuhendislik.com.tr\/en\/wp-json\/wp\/v2\/pages"}],"about":[{"href":"https:\/\/www.apmuhendislik.com.tr\/en\/wp-json\/wp\/v2\/types\/page"}],"author":[{"embeddable":true,"href":"https:\/\/www.apmuhendislik.com.tr\/en\/wp-json\/wp\/v2\/users\/1"}],"replies":[{"embeddable":true,"href":"https:\/\/www.apmuhendislik.com.tr\/en\/wp-json\/wp\/v2\/comments?post=12257"}],"version-history":[{"count":12,"href":"https:\/\/www.apmuhendislik.com.tr\/en\/wp-json\/wp\/v2\/pages\/12257\/revisions"}],"predecessor-version":[{"id":12269,"href":"https:\/\/www.apmuhendislik.com.tr\/en\/wp-json\/wp\/v2\/pages\/12257\/revisions\/12269"}],"wp:attachment":[{"href":"https:\/\/www.apmuhendislik.com.tr\/en\/wp-json\/wp\/v2\/media?parent=12257"}],"curies":[{"name":"wp","href":"https:\/\/api.w.org\/{rel}","templated":true}]}}